{"id":1147,"date":"2024-03-02T18:29:52","date_gmt":"2024-03-02T18:29:52","guid":{"rendered":"http:\/\/anker-alpen.de\/?page_id=1147"},"modified":"2024-04-02T14:50:11","modified_gmt":"2024-04-02T14:50:11","slug":"impressum","status":"publish","type":"page","link":"https:\/\/anker-alpen.de\/en\/impressum\/","title":{"rendered":"Imprint"},"content":{"rendered":"<div data-elementor-type=\"wp-page\" data-elementor-id=\"1147\" class=\"elementor elementor-1147\" data-elementor-post-type=\"page\">\n\t\t\t\t\t\t<section class=\"elementor-section elementor-top-section elementor-element elementor-element-26791a2 elementor-section-height-min-height elementor-section-boxed elementor-section-height-default elementor-section-items-middle\" data-id=\"26791a2\" data-element_type=\"section\" data-e-type=\"section\" data-settings=\"{&quot;background_background&quot;:&quot;classic&quot;}\">\n\t\t\t\t\t\t<div class=\"elementor-container elementor-column-gap-default\">\n\t\t\t\t\t<div class=\"elementor-column elementor-col-100 elementor-top-column elementor-element elementor-element-8343963\" data-id=\"8343963\" data-element_type=\"column\" data-e-type=\"column\">\n\t\t\t<div class=\"elementor-widget-wrap elementor-element-populated\">\n\t\t\t\t\t\t<div class=\"elementor-element elementor-element-27f6fc6 elementor-widget elementor-widget-spacer\" data-id=\"27f6fc6\" data-element_type=\"widget\" data-e-type=\"widget\" data-widget_type=\"spacer.default\">\n\t\t\t\t<div class=\"elementor-widget-container\">\n\t\t\t\t\t\t\t<div class=\"elementor-spacer\">\n\t\t\t<div class=\"elementor-spacer-inner\"><\/div>\n\t\t<\/div>\n\t\t\t\t\t\t<\/div>\n\t\t\t\t<\/div>\n\t\t\t\t\t<\/div>\n\t\t<\/div>\n\t\t\t\t\t<\/div>\n\t\t<\/section>\n\t\t\t\t<section class=\"elementor-section elementor-top-section elementor-element elementor-element-7199daa elementor-section-boxed elementor-section-height-default elementor-section-height-default\" data-id=\"7199daa\" data-element_type=\"section\" data-e-type=\"section\">\n\t\t\t\t\t\t<div class=\"elementor-container elementor-column-gap-default\">\n\t\t\t\t\t<div class=\"elementor-column elementor-col-100 elementor-top-column elementor-element elementor-element-eb10e73\" data-id=\"eb10e73\" data-element_type=\"column\" data-e-type=\"column\">\n\t\t\t<div class=\"elementor-widget-wrap elementor-element-populated\">\n\t\t\t\t\t\t<div class=\"elementor-element elementor-element-6b452ec elementor-widget elementor-widget-spacer\" data-id=\"6b452ec\" data-element_type=\"widget\" data-e-type=\"widget\" data-widget_type=\"spacer.default\">\n\t\t\t\t<div class=\"elementor-widget-container\">\n\t\t\t\t\t\t\t<div class=\"elementor-spacer\">\n\t\t\t<div class=\"elementor-spacer-inner\"><\/div>\n\t\t<\/div>\n\t\t\t\t\t\t<\/div>\n\t\t\t\t<\/div>\n\t\t\t\t<div class=\"elementor-element elementor-element-6a2b29a elementor-widget elementor-widget-heading\" data-id=\"6a2b29a\" data-element_type=\"widget\" data-e-type=\"widget\" data-widget_type=\"heading.default\">\n\t\t\t\t<div class=\"elementor-widget-container\">\n\t\t\t\t\t<h2 class=\"elementor-heading-title elementor-size-default\">Imprint<\/h2>\t\t\t\t<\/div>\n\t\t\t\t<\/div>\n\t\t\t\t<div class=\"elementor-element elementor-element-3bd95d5 elementor-widget elementor-widget-text-editor\" data-id=\"3bd95d5\" data-element_type=\"widget\" data-e-type=\"widget\" data-widget_type=\"text-editor.default\">\n\t\t\t\t<div class=\"elementor-widget-container\">\n\t\t\t\t\t\t\t\t\t<p>Anker &amp; Alpen Consulting GmbH<br \/>Alsterdorfer Str. 228<br \/>22297 Hamburg<\/p><p>Phone: +49 40 808128900<br \/>E-Mail: <a href=\"mailto:flaschenpost@anker-alpen.de\">flaschenpost@anker-alpen.de<\/a><\/p><p><strong>Represented by:<\/strong><br \/>Prof. Dr. Sandra Bayer<\/p><p><strong>Register entry:<\/strong><br \/>Registered in the commercial register.<br \/>Register court: Commercial Register Hamburg<br \/>Register number: HRB 157872<\/p><p>UST-ID: DE325010748<\/p><p><strong>Responsible for the content<\/strong> (pursuant to \u00a7 55 para. 2 RStV):<br \/>Prof. Dr. Sandra Bayer<\/p><h2>Note in accordance with the Online Dispute Resolution Regulation<\/h2><p>Under applicable law, we are obliged to inform consumers of the existence of the European Online Dispute Resolution Platform, which can be used to resolve disputes without having to go to court. The European Commission is responsible for setting up the platform. The European online dispute resolution platform can be found here: <a href=\"http:\/\/ec.europa.eu\/odr\" target=\"_blank\" rel=\"nofollow noopener\">http:\/\/ec.europa.eu\/odr<\/a>. Our e-mail is: <a href=\"mailto:flaschenpost@anker-alpen.de\">flaschenpost@anker-alpen.de<\/a><\/p><p>However, we would like to point out that we are not prepared to participate in the dispute resolution procedure within the framework of the European Online Dispute Resolution Platform. Please use our e-mail and telephone number above to contact us.<\/p><h2>Disclaimer - legal information<\/h2><p>\u00a7 1 Content warning<br \/>The free and freely accessible content of this website has been created with the greatest possible care. However, the provider of this website accepts no liability for the accuracy and topicality of the free and freely accessible journalistic guides and news provided. Contributions identified by name reflect the opinion of the respective author and not always the opinion of the provider. No contractual relationship is established between the user and the provider simply by accessing the free and freely accessible content; in this respect, the provider's intention to be legally bound is lacking.<\/p><p>\u00a7 2 External links<br \/>This website contains links to third-party websites (\"external links\"). These websites are subject to the liability of the respective operators. When the external links were first created, the provider checked the third-party content for any legal violations. No legal violations were apparent at that time. The provider has no influence whatsoever on the current and future design and content of the linked pages. The inclusion of external links does not mean that the provider adopts the content behind the reference or link as its own. The provider cannot reasonably be expected to constantly monitor external links without concrete evidence of legal violations. However, such external links will be deleted immediately if we become aware of any legal infringements.<\/p><p>\u00a7 3 Copyrights and ancillary copyrights<br \/>The content published on this website is subject to German copyright and ancillary copyright law. Any use not permitted by German copyright and ancillary copyright law requires the prior written consent of the provider or respective rights holder. This applies in particular to the duplication, editing, translation, storage, processing or reproduction of content in databases or other electronic media and systems. Third-party content and rights are identified as such. The unauthorized reproduction or distribution of individual contents or complete pages is not permitted and is punishable by law. Only the production of copies and downloads for personal, private and non-commercial use is permitted.<\/p><p>The presentation of this website in external frames is only permitted with written permission.<\/p><p>\u00a7 4 Special terms of use<br \/>Insofar as special conditions for individual uses of this website deviate from the aforementioned paragraphs, this will be expressly indicated at the appropriate point. In this case, the special terms of use apply in each individual case.<\/p>\t\t\t\t\t\t\t\t<\/div>\n\t\t\t\t<\/div>\n\t\t\t\t\t<\/div>\n\t\t<\/div>\n\t\t\t\t\t<\/div>\n\t\t<\/section>\n\t\t\t\t<\/div>","protected":false},"excerpt":{"rendered":"<p>Impressum Anker &amp;\u00a0Alpen Consulting GmbHAlsterdorfer Str. 22822297 Hamburg Telefon: +49 40 808128900E-Mail: flaschenpost@anker-alpen.de Vertreten durch:Prof. Dr. Sandra Bayer Registereintrag:Eingetragen im Handelsregister.Registergericht: Handelsregister HamburgRegisternummer: HRB\u00a0157872 UST-ID: DE325010748 Verantwortlich f\u00fcr den Inhalt (gem. \u00a7 55 Abs. 2 RStV):Prof. Dr. Sandra Bayer Hinweis gem\u00e4\u00df Online-Streitbeilegungs-Verordnung Nach geltendem Recht sind wir verpflichtet, Verbraucher auf die Existenz der Europ\u00e4ischen Online-Streitbeilegungs-Plattform [&hellip;]<\/p>\n","protected":false},"author":1,"featured_media":0,"parent":0,"menu_order":0,"comment_status":"closed","ping_status":"closed","template":"","meta":{"_monsterinsights_skip_tracking":false,"_monsterinsights_sitenote_active":false,"_monsterinsights_sitenote_note":"","_monsterinsights_sitenote_category":0,"footnotes":""},"class_list":["post-1147","page","type-page","status-publish","hentry"],"aioseo_notices":[],"_links":{"self":[{"href":"https:\/\/anker-alpen.de\/en\/wp-json\/wp\/v2\/pages\/1147","targetHints":{"allow":["GET"]}}],"collection":[{"href":"https:\/\/anker-alpen.de\/en\/wp-json\/wp\/v2\/pages"}],"about":[{"href":"https:\/\/anker-alpen.de\/en\/wp-json\/wp\/v2\/types\/page"}],"author":[{"embeddable":true,"href":"https:\/\/anker-alpen.de\/en\/wp-json\/wp\/v2\/users\/1"}],"replies":[{"embeddable":true,"href":"https:\/\/anker-alpen.de\/en\/wp-json\/wp\/v2\/comments?post=1147"}],"version-history":[{"count":0,"href":"https:\/\/anker-alpen.de\/en\/wp-json\/wp\/v2\/pages\/1147\/revisions"}],"wp:attachment":[{"href":"https:\/\/anker-alpen.de\/en\/wp-json\/wp\/v2\/media?parent=1147"}],"curies":[{"name":"wp","href":"https:\/\/api.w.org\/{rel}","templated":true}]}}