{"id":1879,"date":"2024-05-28T12:25:56","date_gmt":"2024-05-28T12:25:56","guid":{"rendered":"https:\/\/anker-alpen.de\/?page_id=1879"},"modified":"2024-05-29T05:55:35","modified_gmt":"2024-05-29T05:55:35","slug":"partner-kontakt","status":"publish","type":"page","link":"https:\/\/anker-alpen.de\/en\/partner-kontakt\/","title":{"rendered":"Partner Contact"},"content":{"rendered":"\t\t<div data-elementor-type=\"wp-page\" data-elementor-id=\"1879\" class=\"elementor elementor-1879\" data-elementor-post-type=\"page\">\n\t\t\t\t\t\t<section class=\"elementor-section elementor-top-section elementor-element elementor-element-25a6692 elementor-section-boxed elementor-section-height-default elementor-section-height-default\" data-id=\"25a6692\" data-element_type=\"section\" data-e-type=\"section\">\n\t\t\t\t\t\t<div class=\"elementor-container elementor-column-gap-default\">\n\t\t\t\t\t<div class=\"elementor-column elementor-col-100 elementor-top-column elementor-element elementor-element-5e1d55c\" data-id=\"5e1d55c\" data-element_type=\"column\" data-e-type=\"column\">\n\t\t\t<div class=\"elementor-widget-wrap elementor-element-populated\">\n\t\t\t\t\t\t<div class=\"elementor-element elementor-element-4988232 elementor-widget elementor-widget-spacer\" data-id=\"4988232\" data-element_type=\"widget\" data-e-type=\"widget\" data-widget_type=\"spacer.default\">\n\t\t\t\t<div class=\"elementor-widget-container\">\n\t\t\t\t\t\t\t<div class=\"elementor-spacer\">\n\t\t\t<div class=\"elementor-spacer-inner\"><\/div>\n\t\t<\/div>\n\t\t\t\t\t\t<\/div>\n\t\t\t\t<\/div>\n\t\t\t\t<div class=\"elementor-element elementor-element-337c26d elementor-widget elementor-widget-heading\" data-id=\"337c26d\" data-element_type=\"widget\" data-e-type=\"widget\" data-widget_type=\"heading.default\">\n\t\t\t\t<div class=\"elementor-widget-container\">\n\t\t\t\t\t<h2 class=\"elementor-heading-title elementor-size-default\">Du bist Systemanbieter in der Hotellerie? Lass uns Kontakt aufnehmen!<\/h2>\t\t\t\t<\/div>\n\t\t\t\t<\/div>\n\t\t\t\t<div class=\"elementor-element elementor-element-9e213cf elementor-widget elementor-widget-spacer\" data-id=\"9e213cf\" data-element_type=\"widget\" data-e-type=\"widget\" data-widget_type=\"spacer.default\">\n\t\t\t\t<div class=\"elementor-widget-container\">\n\t\t\t\t\t\t\t<div class=\"elementor-spacer\">\n\t\t\t<div class=\"elementor-spacer-inner\"><\/div>\n\t\t<\/div>\n\t\t\t\t\t\t<\/div>\n\t\t\t\t<\/div>\n\t\t\t\t<div class=\"elementor-element elementor-element-4848177 elementor-widget elementor-widget-text-editor\" data-id=\"4848177\" data-element_type=\"widget\" data-e-type=\"widget\" data-widget_type=\"text-editor.default\">\n\t\t\t\t<div class=\"elementor-widget-container\">\n\t\t\t\t\t\t\t\t\t<div class=\"w-full text-token-text-primary\" dir=\"auto\" data-testid=\"conversation-turn-21\" data-scroll-anchor=\"false\"><div class=\"py-2 juice:py-[18px] px-3 text-base md:px-4 m-auto md:px-5 lg:px-1 xl:px-5\"><div class=\"mx-auto flex flex-1 gap-3 text-base juice:gap-4 juice:md:gap-6 md:max-w-3xl lg:max-w-[40rem] xl:max-w-[48rem]\"><div class=\"group\/conversation-turn relative flex w-full min-w-0 flex-col agent-turn\"><div class=\"flex-col gap-1 md:gap-3\"><div class=\"flex flex-grow flex-col max-w-full\"><div class=\"min-h-[20px] text-message flex flex-col items-start whitespace-pre-wrap break-words [.text-message+&amp;]:mt-5 juice:w-full juice:items-end overflow-x-auto gap-2\" dir=\"auto\" data-message-author-role=\"assistant\" data-message-id=\"189d4418-7269-4f2c-9a0b-9f9c25796a75\"><div class=\"flex w-full flex-col gap-1 juice:empty:hidden juice:first:pt-[3px]\"><div class=\"markdown prose w-full break-words dark:prose-invert light\"><p>Wir haben uns zur Aufgabe gemacht, die Hoteliers mit bahnbrechender sowie individualisierter technologischen Ausstattung zu unterst\u00fctzen. Dazu geh\u00f6rt sowohl die Auswahl dieser als auch die Trainings mit diesen. Warum der ganze Aufwand? Weil uns bewusst ist, dass es in der Hotellerie keine Einheitsl\u00f6sung gibt! Sondern im Gegenteil jedes Hotel hat eine eigene Geschichte und Anforderungen, die es zu bew\u00e4ltigen gilt.\u00a0<\/p><p>Unser Ansatz bringt uns dazu, immer nach neuartigen Technologien und Trends Ausschau zu halten. Dabei ist es unser Ziel es, immer auf dem neuesten Stand zu sein, um unseren Kunden die besten Optionen bieten zu k\u00f6nnen. Wir kennen nicht nur die aufstrebenden Unternehmen, sondern auch die etablierten Gr\u00f6\u00dfen auf dem Techmarkt und stehen in st\u00e4ndigem Austausch mit ihnen. Neben Netzwerkevents, Verbandsarbeit und Meet-ups nutzen wir unser internes Lunch &amp; Learn Format, zu dem wir regelm\u00e4\u00dfig Tech-Player einladen.<\/p><p>Falls du ein Systemanbieter bist und deine L\u00f6sung, neue Funktionen oder aktuelle Fallstudien vorstellen m\u00f6chtest, bist du herzlich in unserer &#8222;Mittagspause&#8220; willkommen! Tine freut sich darauf, mehr \u00fcber deine Demo oder Pr\u00e4sentation zu erfahren.<\/p><p>Kleiner Hinweis: Wir bleiben neutral, um so unseren Kunden eine fachlich fundierte Bewertung zu sichern. Daher akzeptieren wir keine Provisionsvertr\u00e4ge oder andere Aufmerksamkeiten.<\/p><\/div><\/div><\/div><\/div><\/div><\/div><\/div><\/div><\/div>\t\t\t\t\t\t\t\t<\/div>\n\t\t\t\t<\/div>\n\t\t\t\t\t<\/div>\n\t\t<\/div>\n\t\t\t\t\t<\/div>\n\t\t<\/section>\n\t\t\t\t<\/div>\n\t\t","protected":false},"excerpt":{"rendered":"<p>Du bist Systemanbieter in der Hotellerie? Lass uns Kontakt aufnehmen! Wir haben uns zur Aufgabe gemacht, die Hoteliers mit bahnbrechender sowie individualisierter technologischen Ausstattung zu unterst\u00fctzen. Dazu geh\u00f6rt sowohl die Auswahl dieser als auch die Trainings mit diesen. Warum der ganze Aufwand? Weil uns bewusst ist, dass es in der Hotellerie keine Einheitsl\u00f6sung gibt! Sondern [&hellip;]<\/p>\n","protected":false},"author":5,"featured_media":0,"parent":0,"menu_order":0,"comment_status":"closed","ping_status":"closed","template":"","meta":{"_monsterinsights_skip_tracking":false,"_monsterinsights_sitenote_active":false,"_monsterinsights_sitenote_note":"","_monsterinsights_sitenote_category":0,"footnotes":""},"class_list":["post-1879","page","type-page","status-publish","hentry"],"aioseo_notices":[],"_links":{"self":[{"href":"https:\/\/anker-alpen.de\/en\/wp-json\/wp\/v2\/pages\/1879","targetHints":{"allow":["GET"]}}],"collection":[{"href":"https:\/\/anker-alpen.de\/en\/wp-json\/wp\/v2\/pages"}],"about":[{"href":"https:\/\/anker-alpen.de\/en\/wp-json\/wp\/v2\/types\/page"}],"author":[{"embeddable":true,"href":"https:\/\/anker-alpen.de\/en\/wp-json\/wp\/v2\/users\/5"}],"replies":[{"embeddable":true,"href":"https:\/\/anker-alpen.de\/en\/wp-json\/wp\/v2\/comments?post=1879"}],"version-history":[{"count":13,"href":"https:\/\/anker-alpen.de\/en\/wp-json\/wp\/v2\/pages\/1879\/revisions"}],"predecessor-version":[{"id":1893,"href":"https:\/\/anker-alpen.de\/en\/wp-json\/wp\/v2\/pages\/1879\/revisions\/1893"}],"wp:attachment":[{"href":"https:\/\/anker-alpen.de\/en\/wp-json\/wp\/v2\/media?parent=1879"}],"curies":[{"name":"wp","href":"https:\/\/api.w.org\/{rel}","templated":true}]}}