{"id":2628,"date":"2025-03-20T16:02:13","date_gmt":"2025-03-20T16:02:13","guid":{"rendered":"https:\/\/anker-alpen.de\/?page_id=2628"},"modified":"2026-04-07T08:37:50","modified_gmt":"2026-04-07T08:37:50","slug":"newsletteranmeldung","status":"publish","type":"page","link":"https:\/\/anker-alpen.de\/en\/willkommen\/","title":{"rendered":"Anmeldung zum Newsletter_nach der double Optin"},"content":{"rendered":"<div data-elementor-type=\"wp-page\" data-elementor-id=\"2628\" class=\"elementor elementor-2628\" data-elementor-post-type=\"page\">\n\t\t\t\t\t\t<section class=\"elementor-section elementor-top-section elementor-element elementor-element-260b296 elementor-section-boxed elementor-section-height-default elementor-section-height-default\" data-id=\"260b296\" data-element_type=\"section\" data-e-type=\"section\">\n\t\t\t\t\t\t<div class=\"elementor-container elementor-column-gap-default\">\n\t\t\t\t\t<div class=\"elementor-column elementor-col-100 elementor-top-column elementor-element elementor-element-dc06228\" data-id=\"dc06228\" data-element_type=\"column\" data-e-type=\"column\">\n\t\t\t<div class=\"elementor-widget-wrap elementor-element-populated\">\n\t\t\t\t\t\t<div class=\"elementor-element elementor-element-e628030 elementor-widget elementor-widget-spacer\" data-id=\"e628030\" data-element_type=\"widget\" data-e-type=\"widget\" data-widget_type=\"spacer.default\">\n\t\t\t\t<div class=\"elementor-widget-container\">\n\t\t\t\t\t\t\t<div class=\"elementor-spacer\">\n\t\t\t<div class=\"elementor-spacer-inner\"><\/div>\n\t\t<\/div>\n\t\t\t\t\t\t<\/div>\n\t\t\t\t<\/div>\n\t\t\t\t<div class=\"elementor-element elementor-element-f652690 elementor-widget elementor-widget-heading\" data-id=\"f652690\" data-element_type=\"widget\" data-e-type=\"widget\" data-widget_type=\"heading.default\">\n\t\t\t\t<div class=\"elementor-widget-container\">\n\t\t\t\t\t<h2 class=\"elementor-heading-title elementor-size-default\">Welcome to Anker &amp; Alpen! \ud83c\udf89<\/h2>\t\t\t\t<\/div>\n\t\t\t\t<\/div>\n\t\t\t\t\t<\/div>\n\t\t<\/div>\n\t\t\t\t\t<\/div>\n\t\t<\/section>\n\t\t\t\t<section class=\"elementor-section elementor-top-section elementor-element elementor-element-3dcc44b elementor-section-boxed elementor-section-height-default elementor-section-height-default\" data-id=\"3dcc44b\" data-element_type=\"section\" data-e-type=\"section\">\n\t\t\t\t\t\t<div class=\"elementor-container elementor-column-gap-default\">\n\t\t\t\t\t<div class=\"elementor-column elementor-col-100 elementor-top-column elementor-element elementor-element-9a73ce0\" data-id=\"9a73ce0\" data-element_type=\"column\" data-e-type=\"column\">\n\t\t\t<div class=\"elementor-widget-wrap elementor-element-populated\">\n\t\t\t\t\t\t<div class=\"elementor-element elementor-element-e16fa8e elementor-widget elementor-widget-spacer\" data-id=\"e16fa8e\" data-element_type=\"widget\" data-e-type=\"widget\" data-widget_type=\"spacer.default\">\n\t\t\t\t<div class=\"elementor-widget-container\">\n\t\t\t\t\t\t\t<div class=\"elementor-spacer\">\n\t\t\t<div class=\"elementor-spacer-inner\"><\/div>\n\t\t<\/div>\n\t\t\t\t\t\t<\/div>\n\t\t\t\t<\/div>\n\t\t\t\t<div class=\"elementor-element elementor-element-7f22eff elementor-widget elementor-widget-text-editor\" data-id=\"7f22eff\" data-element_type=\"widget\" data-e-type=\"widget\" data-widget_type=\"text-editor.default\">\n\t\t\t\t<div class=\"elementor-widget-container\">\n\t\t\t\t\t\t\t\t\t<p>You are now officially part of our community! From now on, we will provide you with exciting insights into our systems, projects and ideas.<\/p>\n<p>And of course you have chosen a drink of your choice.&nbsp;<\/p><p>We're sure you've made a good choice! I wonder what the drink reveals about you? Find out in one of our next emails \ud83d\ude09<\/p>\n<p>Stay tuned - we'll get back to you soon!<\/p>\t\t\t\t\t\t\t\t<\/div>\n\t\t\t\t<\/div>\n\t\t\t\t<div class=\"elementor-element elementor-element-570e6b1 elementor-widget elementor-widget-spacer\" data-id=\"570e6b1\" data-element_type=\"widget\" data-e-type=\"widget\" data-widget_type=\"spacer.default\">\n\t\t\t\t<div class=\"elementor-widget-container\">\n\t\t\t\t\t\t\t<div class=\"elementor-spacer\">\n\t\t\t<div class=\"elementor-spacer-inner\"><\/div>\n\t\t<\/div>\n\t\t\t\t\t\t<\/div>\n\t\t\t\t<\/div>\n\t\t\t\t<div class=\"elementor-element elementor-element-3ac6d9c elementor-widget elementor-widget-text-editor\" data-id=\"3ac6d9c\" data-element_type=\"widget\" data-e-type=\"widget\" data-widget_type=\"text-editor.default\">\n\t\t\t\t<div class=\"elementor-widget-container\">\n\t\t\t\t\t\t\t\t\t<p>Follow us on the following platforms for even more exclusive content:<\/p>\t\t\t\t\t\t\t\t<\/div>\n\t\t\t\t<\/div>\n\t\t\t\t<div class=\"elementor-element elementor-element-1f4443c elementor-align-center elementor-widget elementor-widget-button\" data-id=\"1f4443c\" data-element_type=\"widget\" data-e-type=\"widget\" data-widget_type=\"button.default\">\n\t\t\t\t<div class=\"elementor-widget-container\">\n\t\t\t\t\t\t\t\t\t<div class=\"elementor-button-wrapper\">\n\t\t\t\t\t<a class=\"elementor-button elementor-button-link elementor-size-sm\" href=\"https:\/\/www.linkedin.com\/company\/anker-alpen-consulting\/posts\/?feedView=all\">\n\t\t\t\t\t\t<span class=\"elementor-button-content-wrapper\">\n\t\t\t\t\t\t\t\t\t<span class=\"elementor-button-text\">   LinkedIn        <\/span>\n\t\t\t\t\t<\/span>\n\t\t\t\t\t<\/a>\n\t\t\t\t<\/div>\n\t\t\t\t\t\t\t\t<\/div>\n\t\t\t\t<\/div>\n\t\t\t\t<div class=\"elementor-element elementor-element-8f44f7a elementor-align-center elementor-widget elementor-widget-button\" data-id=\"8f44f7a\" data-element_type=\"widget\" data-e-type=\"widget\" data-widget_type=\"button.default\">\n\t\t\t\t<div class=\"elementor-widget-container\">\n\t\t\t\t\t\t\t\t\t<div class=\"elementor-button-wrapper\">\n\t\t\t\t\t<a class=\"elementor-button elementor-button-link elementor-size-sm\" href=\"https:\/\/www.instagram.com\/ankeralpen\/\">\n\t\t\t\t\t\t<span class=\"elementor-button-content-wrapper\">\n\t\t\t\t\t\t\t\t\t<span class=\"elementor-button-text\">Instagram<\/span>\n\t\t\t\t\t<\/span>\n\t\t\t\t\t<\/a>\n\t\t\t\t<\/div>\n\t\t\t\t\t\t\t\t<\/div>\n\t\t\t\t<\/div>\n\t\t\t\t<div class=\"elementor-element elementor-element-eda91db elementor-widget elementor-widget-spacer\" data-id=\"eda91db\" data-element_type=\"widget\" data-e-type=\"widget\" data-widget_type=\"spacer.default\">\n\t\t\t\t<div class=\"elementor-widget-container\">\n\t\t\t\t\t\t\t<div class=\"elementor-spacer\">\n\t\t\t<div class=\"elementor-spacer-inner\"><\/div>\n\t\t<\/div>\n\t\t\t\t\t\t<\/div>\n\t\t\t\t<\/div>\n\t\t\t\t\t<\/div>\n\t\t<\/div>\n\t\t\t\t\t<\/div>\n\t\t<\/section>\n\t\t\t\t<section class=\"elementor-section elementor-top-section elementor-element elementor-element-238ed3f elementor-section-boxed elementor-section-height-default elementor-section-height-default\" data-id=\"238ed3f\" data-element_type=\"section\" data-e-type=\"section\">\n\t\t\t\t\t\t<div class=\"elementor-container elementor-column-gap-default\">\n\t\t\t\t\t<div class=\"elementor-column elementor-col-100 elementor-top-column elementor-element elementor-element-e6c8c5e\" data-id=\"e6c8c5e\" data-element_type=\"column\" data-e-type=\"column\">\n\t\t\t<div class=\"elementor-widget-wrap elementor-element-populated\">\n\t\t\t\t\t\t<div class=\"elementor-element elementor-element-fc9053d elementor-widget elementor-widget-heading\" data-id=\"fc9053d\" data-element_type=\"widget\" data-e-type=\"widget\" data-widget_type=\"heading.default\">\n\t\t\t\t<div class=\"elementor-widget-container\">\n\t\t\t\t\t<h2 class=\"elementor-heading-title elementor-size-default\">This is us<\/h2>\t\t\t\t<\/div>\n\t\t\t\t<\/div>\n\t\t\t\t\t<\/div>\n\t\t<\/div>\n\t\t\t\t\t<\/div>\n\t\t<\/section>\n\t\t\t\t<section class=\"elementor-section elementor-top-section elementor-element elementor-element-efb31ee elementor-section-boxed elementor-section-height-default elementor-section-height-default\" data-id=\"efb31ee\" data-element_type=\"section\" data-e-type=\"section\">\n\t\t\t\t\t\t<div class=\"elementor-container elementor-column-gap-default\">\n\t\t\t\t\t<div class=\"elementor-column elementor-col-100 elementor-top-column elementor-element elementor-element-7011cff\" data-id=\"7011cff\" data-element_type=\"column\" data-e-type=\"column\">\n\t\t\t<div class=\"elementor-widget-wrap elementor-element-populated\">\n\t\t\t\t\t\t<div class=\"elementor-element elementor-element-4c9868e elementor-widget elementor-widget-image\" data-id=\"4c9868e\" data-element_type=\"widget\" data-e-type=\"widget\" data-widget_type=\"image.default\">\n\t\t\t\t<div class=\"elementor-widget-container\">\n\t\t\t\t\t\t\t\t\t\t\t\t\t\t\t<img fetchpriority=\"high\" decoding=\"async\" width=\"800\" height=\"800\" src=\"https:\/\/anker-alpen.de\/wp-content\/uploads\/2025\/04\/aa-Linkedin-22-1024x1024.png\" class=\"attachment-large size-large wp-image-2670\" alt=\"\" srcset=\"https:\/\/anker-alpen.de\/wp-content\/uploads\/2025\/04\/aa-Linkedin-22-1024x1024.png 1024w, https:\/\/anker-alpen.de\/wp-content\/uploads\/2025\/04\/aa-Linkedin-22-300x300.png 300w, https:\/\/anker-alpen.de\/wp-content\/uploads\/2025\/04\/aa-Linkedin-22-150x150.png 150w, https:\/\/anker-alpen.de\/wp-content\/uploads\/2025\/04\/aa-Linkedin-22-768x768.png 768w, https:\/\/anker-alpen.de\/wp-content\/uploads\/2025\/04\/aa-Linkedin-22-12x12.png 12w, https:\/\/anker-alpen.de\/wp-content\/uploads\/2025\/04\/aa-Linkedin-22.png 1200w\" sizes=\"(max-width: 800px) 100vw, 800px\" \/>\t\t\t\t\t\t\t\t\t\t\t\t\t\t\t<\/div>\n\t\t\t\t<\/div>\n\t\t\t\t\t<\/div>\n\t\t<\/div>\n\t\t\t\t\t<\/div>\n\t\t<\/section>\n\t\t\t\t<section class=\"elementor-section elementor-top-section elementor-element elementor-element-8e99a7e elementor-section-boxed elementor-section-height-default elementor-section-height-default\" data-id=\"8e99a7e\" data-element_type=\"section\" data-e-type=\"section\">\n\t\t\t\t\t\t<div class=\"elementor-container elementor-column-gap-default\">\n\t\t\t\t\t<div class=\"elementor-column elementor-col-100 elementor-top-column elementor-element elementor-element-fca68a8\" data-id=\"fca68a8\" data-element_type=\"column\" data-e-type=\"column\">\n\t\t\t<div class=\"elementor-widget-wrap elementor-element-populated\">\n\t\t\t\t\t\t<div class=\"elementor-element elementor-element-92efde5 elementor-widget elementor-widget-text-editor\" data-id=\"92efde5\" data-element_type=\"widget\" data-e-type=\"widget\" data-widget_type=\"text-editor.default\">\n\t\t\t\t<div class=\"elementor-widget-container\">\n\t\t\t\t\t\t\t\t\t<p data-start=\"360\" data-end=\"629\">We at <strong data-start=\"368\" data-end=\"396\">Anker &amp; Alpen Consulting<\/strong> are your partner for digital transformation in the hotel industry.\u00a0<\/p><p data-start=\"360\" data-end=\"629\">Whether it's optimizing your systems, digital guest journeys or tailor-made strategies - we help you find and implement the best solutions for your hotel.<\/p><p data-start=\"631\" data-end=\"734\">Stay tuned for valuable tips, exciting success stories and the latest trends from the industry!<\/p><p data-start=\"736\" data-end=\"850\">\ud83d\udc49 <strong data-start=\"739\" data-end=\"767\">Fancy getting started right away?<\/strong> Take a look at our website and discover how we can support you.<\/p><p data-start=\"852\" data-end=\"921\">Thank you for your trust - we look forward to exchanging ideas with you! <img decoding=\"async\" draggable=\"false\" src=\"https:\/\/statics.teams.cdn.office.net\/evergreen-assets\/personal-expressions\/v2\/assets\/emoticons\/heartpink\/default\/20_f.png?v=v5\" alt=\"Pinkes Herz\" width=\"20px\" height=\"20px\" aria-label=\"Pink heart\" \/><img decoding=\"async\" draggable=\"false\" src=\"https:\/\/statics.teams.cdn.office.net\/evergreen-assets\/personal-expressions\/v2\/assets\/emoticons\/heartblue\/default\/20_f.png?v=v20\" alt=\"Blaues Herz\" width=\"20px\" height=\"20px\" aria-label=\"Blue heart\" \/><\/p>\t\t\t\t\t\t\t\t<\/div>\n\t\t\t\t<\/div>\n\t\t\t\t\t<\/div>\n\t\t<\/div>\n\t\t\t\t\t<\/div>\n\t\t<\/section>\n\t\t\t\t<section class=\"elementor-section elementor-top-section elementor-element elementor-element-eaa700f elementor-section-boxed elementor-section-height-default elementor-section-height-default\" data-id=\"eaa700f\" data-element_type=\"section\" data-e-type=\"section\">\n\t\t\t\t\t\t<div class=\"elementor-container elementor-column-gap-default\">\n\t\t\t\t\t<div class=\"elementor-column elementor-col-100 elementor-top-column elementor-element elementor-element-e9660eb\" data-id=\"e9660eb\" data-element_type=\"column\" data-e-type=\"column\">\n\t\t\t<div class=\"elementor-widget-wrap elementor-element-populated\">\n\t\t\t\t\t\t<div class=\"elementor-element elementor-element-c8e3eb9 elementor-widget elementor-widget-spacer\" data-id=\"c8e3eb9\" data-element_type=\"widget\" data-e-type=\"widget\" data-widget_type=\"spacer.default\">\n\t\t\t\t<div class=\"elementor-widget-container\">\n\t\t\t\t\t\t\t<div class=\"elementor-spacer\">\n\t\t\t<div class=\"elementor-spacer-inner\"><\/div>\n\t\t<\/div>\n\t\t\t\t\t\t<\/div>\n\t\t\t\t<\/div>\n\t\t\t\t\t<\/div>\n\t\t<\/div>\n\t\t\t\t\t<\/div>\n\t\t<\/section>\n\t\t\t\t<\/div>","protected":false},"excerpt":{"rendered":"<p>Willkommen bei Anker &amp; Alpen! \ud83c\udf89 Du bist jetzt offiziell Teil unserer Community! Von nun an versorgen wir dich mit spannenden Einblicken in unsere Systeme, Projekte und Ideen. Und nat\u00fcrlich hast du dich f\u00fcr ein Getr\u00e4nk deiner Wahl entschieden.&nbsp; Wir sind uns sicher, dass du eine gute Wahl getroffen hast! Was das Getr\u00e4nk wohl \u00fcber [&hellip;]<\/p>\n","protected":false},"author":5,"featured_media":0,"parent":0,"menu_order":0,"comment_status":"closed","ping_status":"closed","template":"","meta":{"_monsterinsights_skip_tracking":false,"_monsterinsights_sitenote_active":false,"_monsterinsights_sitenote_note":"","_monsterinsights_sitenote_category":0,"footnotes":""},"class_list":["post-2628","page","type-page","status-publish","hentry"],"aioseo_notices":[],"_links":{"self":[{"href":"https:\/\/anker-alpen.de\/en\/wp-json\/wp\/v2\/pages\/2628","targetHints":{"allow":["GET"]}}],"collection":[{"href":"https:\/\/anker-alpen.de\/en\/wp-json\/wp\/v2\/pages"}],"about":[{"href":"https:\/\/anker-alpen.de\/en\/wp-json\/wp\/v2\/types\/page"}],"author":[{"embeddable":true,"href":"https:\/\/anker-alpen.de\/en\/wp-json\/wp\/v2\/users\/5"}],"replies":[{"embeddable":true,"href":"https:\/\/anker-alpen.de\/en\/wp-json\/wp\/v2\/comments?post=2628"}],"version-history":[{"count":18,"href":"https:\/\/anker-alpen.de\/en\/wp-json\/wp\/v2\/pages\/2628\/revisions"}],"predecessor-version":[{"id":3089,"href":"https:\/\/anker-alpen.de\/en\/wp-json\/wp\/v2\/pages\/2628\/revisions\/3089"}],"wp:attachment":[{"href":"https:\/\/anker-alpen.de\/en\/wp-json\/wp\/v2\/media?parent=2628"}],"curies":[{"name":"wp","href":"https:\/\/api.w.org\/{rel}","templated":true}]}}